{"id":5118,"date":"2024-10-01T16:35:45","date_gmt":"2024-10-01T14:35:45","guid":{"rendered":"https:\/\/www.iidh.org\/search\/rene-cassin-documentary-database\/"},"modified":"2026-01-16T10:59:00","modified_gmt":"2026-01-16T08:59:00","slug":"rene-cassin-documentary-database","status":"publish","type":"page","link":"https:\/\/www.iidh.org\/en\/rene-cassin-documentary-database\/","title":{"rendered":"Ren\u00e9 Cassin documentary database"},"content":{"rendered":"<p><div class=\"fusion-fullwidth fullwidth-box fusion-builder-row-1 fusion-flex-container has-pattern-background has-mask-background nonhundred-percent-fullwidth non-hundred-percent-height-scrolling\" style=\"--awb-border-radius-top-left:0px;--awb-border-radius-top-right:0px;--awb-border-radius-bottom-right:0px;--awb-border-radius-bottom-left:0px;--awb-flex-wrap:wrap;\" ><div class=\"fusion-builder-row fusion-row fusion-flex-align-items-flex-start fusion-flex-content-wrap\" style=\"max-width:1248px;margin-left: calc(-4% \/ 2 );margin-right: calc(-4% \/ 2 );\"><div class=\"fusion-layout-column fusion_builder_column fusion-builder-column-0 fusion_builder_column_1_1 1_1 fusion-flex-column\" style=\"--awb-bg-size:cover;--awb-width-large:100%;--awb-margin-top-large:0px;--awb-spacing-right-large:1.92%;--awb-margin-bottom-large:0px;--awb-spacing-left-large:1.92%;--awb-width-medium:100%;--awb-order-medium:0;--awb-spacing-right-medium:1.92%;--awb-spacing-left-medium:1.92%;--awb-width-small:100%;--awb-order-small:0;--awb-spacing-right-small:1.92%;--awb-spacing-left-small:1.92%;\"><div class=\"fusion-column-wrapper fusion-column-has-shadow fusion-flex-justify-content-flex-start fusion-content-layout-column\"><div class=\"fusion-text fusion-text-1\"><p>With a view to preserving and disseminating the thought of Ren\u00e9 Cassin, the Ren\u00e9 Cassin Foundation &#8211; International Institute of Human Rights is responsible for preserving his memory, through his personal archives deposited at the Archives Nationales in Paris. <strong><a href=\"https:\/\/www.siv.archives-nationales.culture.gouv.fr\/siv\/rechercheconsultation\/recherche\/ir\/rechercheGeneralisteResultat.action?formCaller=GENERALISTE&amp;searchText=Ren%C3%A9+Cassin\">Archives Nationales<\/a><\/strong>. It also intends to develop a documentary database, in order to gather written or visual testimonies concerning Ren\u00e9 Cassin and to facilitate research into his commitment to peace and human rights.<\/p>\n<p>When Ren\u00e9 Cassin was awarded the Nobel Peace Prize in 1968, he delivered <strong><a href=\"https:\/\/www.nobelprize.org\/prizes\/peace\/1968\/cassin\/acceptance-speech\/\">a speech of thanks<\/a><\/strong> and a <strong><a href=\"https:\/\/www.nobelprize.org\/prizes\/peace\/1968\/cassin\/26132-rene-cassin-conference-nobel\/\">public lecture<\/a><\/strong> which form the core of his message. This lifelong commitment to humanism cannot be divorced from his experience as a First World War veteran and Free French jurist, working in London with General de Gaulle from 1940, as he himself recalls in a <strong><a href=\"https:\/\/www.ina.fr\/ina-eclaire-actu\/video\/caf97041453\/interview-rene-cassin-prix-nobel\">interview<\/a><\/strong> in 1968.<\/p>\n<p>Other INA resources show his contribution to the creation of post-war institutions, notably UNESCO. His work as a jurist has been summarized in a <strong><a href=\"https:\/\/sfdi.org\/internationalistes\/cassin\/\">portrait <\/a><\/strong>in the &#8220;galerie des internationalistes&#8221; of the Soci\u00e9t\u00e9 fran\u00e7aise de droit international, with a brief bibliography.<\/p>\n<p>More recently, two courses have been published.<\/p>\n<\/div><div class=\"fusion-title title fusion-title-1 fusion-sep-none fusion-title-text fusion-title-size-div\" style=\"--awb-margin-top:40px;--awb-margin-top-small:10px;--awb-margin-right-small:0px;--awb-margin-bottom-small:10px;--awb-margin-left-small:0px;--awb-font-size:30px;\"><div class=\"fusion-title-heading title-heading-left title-heading-tag fusion-responsive-typography-calculated\" style=\"margin:0;font-size:1em;--fontSize:30;line-height:var(--awb-typography4-line-height);\"><div class=\"elementor-element elementor-element-3da0a6e elementor-widget elementor-widget-heading\" data-id=\"3da0a6e\" data-element_type=\"widget\" data-widget_type=\"heading.default\">\n<div class=\"elementor-widget-container\">\n<h2 class=\"elementor-heading-title elementor-size-default\">Ren\u00e9 CASSIN,\u00a0<i>On the condition of enemy subjects in France during the war<\/i>\u00a0(1916)<\/h2>\n<\/div>\n<\/div>\n<div class=\"elementor-element elementor-element-4b83273 elementor-widget elementor-widget-heading\" data-id=\"4b83273\" data-element_type=\"widget\" data-widget_type=\"heading.default\">\n<div class=\"elementor-widget-container\">\n<h3 class=\"elementor-heading-title elementor-size-default\">preceded by<\/h3>\n<\/div>\n<\/div>\n<div class=\"elementor-element elementor-element-c09201b elementor-widget elementor-widget-heading\" data-id=\"c09201b\" data-element_type=\"widget\" data-widget_type=\"heading.default\">\n<div class=\"elementor-widget-container\">\n<h2 class=\"elementor-heading-title elementor-size-default\">Julien BROCH,\u00a0<i>Facing the enemy: Ren\u00e9 Cassin, a jurist on the &#8220;<\/i><i>intellectual<\/i><i>front<\/i>\u00a0<i>\u00a0 (2021)<\/i><\/h2>\n<\/div>\n<\/div><\/div><\/div><div class=\"fusion-title title fusion-title-2 fusion-sep-none fusion-title-text fusion-title-size-div\" style=\"--awb-margin-top:40px;--awb-margin-top-small:10px;--awb-margin-right-small:0px;--awb-margin-bottom-small:10px;--awb-margin-left-small:0px;--awb-font-size:30px;\"><div class=\"fusion-title-heading title-heading-left title-heading-tag fusion-responsive-typography-calculated\" style=\"margin:0;font-size:1em;--fontSize:30;line-height:var(--awb-typography4-line-height);\"><div class=\"elementor-element elementor-element-3da0a6e elementor-widget elementor-widget-heading\" data-id=\"3da0a6e\" data-element_type=\"widget\" data-widget_type=\"heading.default\">\n<div class=\"elementor-widget-container\">\n<h2 class=\"elementor-heading-title elementor-size-default\">Ren\u00e9 CASSIN,\u00a0<i>On the condition of enemy subjects in France during the war<\/i>\u00a0(1916)<\/h2>\n<\/div>\n<\/div>\n<div class=\"elementor-element elementor-element-4b83273 elementor-widget elementor-widget-heading\" data-id=\"4b83273\" data-element_type=\"widget\" data-widget_type=\"heading.default\">\n<div class=\"elementor-widget-container\">\n<h3 class=\"elementor-heading-title elementor-size-default\">preceded by<\/h3>\n<\/div>\n<\/div>\n<div class=\"elementor-element elementor-element-c09201b elementor-widget elementor-widget-heading\" data-id=\"c09201b\" data-element_type=\"widget\" data-widget_type=\"heading.default\">\n<div class=\"elementor-widget-container\">\n<h2 class=\"elementor-heading-title elementor-size-default\">Julien BROCH,\u00a0<i>Facing the enemy: Ren\u00e9 Cassin, a jurist on the &#8220;<\/i><i>intellectual<\/i><i>front<\/i>\u00a0<i>\u00a0 (2021)<\/i><\/h2>\n<\/div>\n<\/div><\/div><\/div><\/div><\/div><\/div><\/div><div class=\"fusion-fullwidth fullwidth-box fusion-builder-row-2 fusion-flex-container has-pattern-background has-mask-background nonhundred-percent-fullwidth non-hundred-percent-height-scrolling\" style=\"--awb-border-radius-top-left:0px;--awb-border-radius-top-right:0px;--awb-border-radius-bottom-right:0px;--awb-border-radius-bottom-left:0px;--awb-flex-wrap:wrap;\" ><div class=\"fusion-builder-row fusion-row fusion-flex-align-items-flex-start fusion-flex-content-wrap\" style=\"max-width:1248px;margin-left: calc(-4% \/ 2 );margin-right: calc(-4% \/ 2 );\"><div class=\"fusion-layout-column fusion_builder_column fusion-builder-column-1 fusion_builder_column_1_2 1_2 fusion-flex-column\" style=\"--awb-bg-size:cover;--awb-width-large:50%;--awb-margin-top-large:0px;--awb-spacing-right-large:3.84%;--awb-margin-bottom-large:0px;--awb-spacing-left-large:3.84%;--awb-width-medium:50%;--awb-order-medium:0;--awb-spacing-right-medium:3.84%;--awb-spacing-left-medium:3.84%;--awb-width-small:100%;--awb-order-small:0;--awb-spacing-right-small:1.92%;--awb-spacing-left-small:1.92%;\"><div class=\"fusion-column-wrapper fusion-column-has-shadow fusion-flex-justify-content-flex-start fusion-content-layout-column\"><div class=\"fusion-image-element \" style=\"text-align:center;--awb-caption-title-font-family:var(--h2_typography-font-family);--awb-caption-title-font-weight:var(--h2_typography-font-weight);--awb-caption-title-font-style:var(--h2_typography-font-style);--awb-caption-title-size:var(--h2_typography-font-size);--awb-caption-title-transform:var(--h2_typography-text-transform);--awb-caption-title-line-height:var(--h2_typography-line-height);--awb-caption-title-letter-spacing:var(--h2_typography-letter-spacing);\"><span class=\" fusion-imageframe imageframe-none imageframe-1 hover-type-none\"><img decoding=\"async\" width=\"220\" height=\"450\" title=\"Cassin-q4khgklgwq9tf2j5jcg29uc56unuopq3q3aq6wxl04.png\" src=\"https:\/\/www.iidh.org\/wp-content\/uploads\/2024\/10\/Cassin-q4khgklgwq9tf2j5jcg29uc56unuopq3q3aq6wxl04.png.webp\" data-orig-src=\"https:\/\/www.iidh.org\/wp-content\/uploads\/2024\/10\/Cassin-q4khgklgwq9tf2j5jcg29uc56unuopq3q3aq6wxl04.png.webp\" alt class=\"lazyload img-responsive wp-image-4377\" srcset=\"data:image\/svg+xml,%3Csvg%20xmlns%3D%27http%3A%2F%2Fwww.w3.org%2F2000%2Fsvg%27%20width%3D%27220%27%20height%3D%27450%27%20viewBox%3D%270%200%20220%20450%27%3E%3Crect%20width%3D%27220%27%20height%3D%27450%27%20fill-opacity%3D%220%22%2F%3E%3C%2Fsvg%3E\" data-srcset=\"https:\/\/www.iidh.org\/wp-content\/uploads\/2024\/10\/Cassin-q4khgklgwq9tf2j5jcg29uc56unuopq3q3aq6wxl04.png-200x409.webp 200w, https:\/\/www.iidh.org\/wp-content\/uploads\/2024\/10\/Cassin-q4khgklgwq9tf2j5jcg29uc56unuopq3q3aq6wxl04.png.webp 220w\" data-sizes=\"auto\" data-orig-sizes=\"(max-width: 800px) 100vw, 220px\" \/><\/span><\/div><\/div><\/div><div class=\"fusion-layout-column fusion_builder_column fusion-builder-column-2 fusion_builder_column_1_2 1_2 fusion-flex-column fusion-flex-align-self-stretch\" style=\"--awb-bg-size:cover;--awb-width-large:50%;--awb-margin-top-large:0px;--awb-spacing-right-large:3.84%;--awb-margin-bottom-large:0px;--awb-spacing-left-large:3.84%;--awb-width-medium:50%;--awb-order-medium:0;--awb-spacing-right-medium:3.84%;--awb-spacing-left-medium:3.84%;--awb-width-small:100%;--awb-order-small:0;--awb-spacing-right-small:1.92%;--awb-spacing-left-small:1.92%;\"><div class=\"fusion-column-wrapper fusion-column-has-shadow fusion-flex-justify-content-center fusion-content-layout-column\"><div class=\"fusion-text fusion-text-2\"><p>This text, written by Ren\u00e9 Cassin in the aftermath of injuries sustained during the First World War, marks the turning point in his lifelong commitment to justice and peace.<\/p>\n<p>Julien Broch, Senior Lecturer in the History of Law and Institutions at Aix-Marseille University, puts Ren\u00e9 Cassin&#8217;s tireless fight for human rights into perspective. This book is \u00a0<strong><a href=\"https:\/\/odyssee.univ-amu.fr\/files\/original\/1\/821\/BUD_341-6_Cassin_Condition-ennemis_1916.pdf\">in free consultation here<\/a><\/strong>.<\/p>\n<\/div><\/div><\/div><\/div><\/div><\/p>\n","protected":false},"excerpt":{"rendered":"","protected":false},"author":1,"featured_media":0,"parent":0,"menu_order":0,"comment_status":"closed","ping_status":"closed","template":"100-width.php","meta":{"footnotes":""},"class_list":["post-5118","page","type-page","status-publish","hentry"],"yoast_head":"<!-- This site is optimized with the Yoast SEO plugin v27.5 - https:\/\/yoast.com\/product\/yoast-seo-wordpress\/ -->\n<title>Ren\u00e9 Cassin documentary database - Fondation Ren\u00e9 CASSIN<\/title>\n<meta name=\"robots\" content=\"index, follow, max-snippet:-1, max-image-preview:large, max-video-preview:-1\" \/>\n<link rel=\"canonical\" href=\"https:\/\/www.iidh.org\/en\/rene-cassin-documentary-database\/\" \/>\n<meta property=\"og:locale\" content=\"en_US\" \/>\n<meta property=\"og:type\" content=\"article\" \/>\n<meta property=\"og:title\" content=\"Ren\u00e9 Cassin documentary database - Fondation Ren\u00e9 CASSIN\" \/>\n<meta property=\"og:url\" content=\"https:\/\/www.iidh.org\/en\/rene-cassin-documentary-database\/\" \/>\n<meta property=\"og:site_name\" content=\"Fondation Ren\u00e9 CASSIN\" \/>\n<meta property=\"article:publisher\" content=\"https:\/\/www.facebook.com\/FondationReneCassin\/\" \/>\n<meta property=\"article:modified_time\" content=\"2026-01-16T08:59:00+00:00\" \/>\n<meta property=\"og:image\" content=\"https:\/\/www.iidh.org\/wp-content\/uploads\/2024\/10\/vignette-iidh.jpg\" \/>\n\t<meta property=\"og:image:width\" content=\"1200\" \/>\n\t<meta property=\"og:image:height\" content=\"675\" \/>\n\t<meta property=\"og:image:type\" content=\"image\/jpeg\" \/>\n<meta name=\"twitter:card\" content=\"summary_large_image\" \/>\n<meta name=\"twitter:site\" content=\"@IIDHStrasbourg\" \/>\n<meta name=\"twitter:label1\" content=\"Est. reading time\" \/>\n\t<meta name=\"twitter:data1\" content=\"2 minutes\" \/>\n<script type=\"application\/ld+json\" class=\"yoast-schema-graph\">{\"@context\":\"https:\\\/\\\/schema.org\",\"@graph\":[{\"@type\":\"WebPage\",\"@id\":\"https:\\\/\\\/www.iidh.org\\\/en\\\/rene-cassin-documentary-database\\\/\",\"url\":\"https:\\\/\\\/www.iidh.org\\\/en\\\/rene-cassin-documentary-database\\\/\",\"name\":\"Ren\u00e9 Cassin documentary database - Fondation Ren\u00e9 CASSIN\",\"isPartOf\":{\"@id\":\"https:\\\/\\\/www.iidh.org\\\/en\\\/#website\"},\"datePublished\":\"2024-10-01T14:35:45+00:00\",\"dateModified\":\"2026-01-16T08:59:00+00:00\",\"breadcrumb\":{\"@id\":\"https:\\\/\\\/www.iidh.org\\\/en\\\/rene-cassin-documentary-database\\\/#breadcrumb\"},\"inLanguage\":\"en-US\",\"potentialAction\":[{\"@type\":\"ReadAction\",\"target\":[\"https:\\\/\\\/www.iidh.org\\\/en\\\/rene-cassin-documentary-database\\\/\"]}]},{\"@type\":\"BreadcrumbList\",\"@id\":\"https:\\\/\\\/www.iidh.org\\\/en\\\/rene-cassin-documentary-database\\\/#breadcrumb\",\"itemListElement\":[{\"@type\":\"ListItem\",\"position\":1,\"name\":\"Accueil\",\"item\":\"https:\\\/\\\/www.iidh.org\\\/en\\\/\"},{\"@type\":\"ListItem\",\"position\":2,\"name\":\"Search\",\"item\":\"https:\\\/\\\/www.iidh.org\\\/en\\\/search\\\/\"},{\"@type\":\"ListItem\",\"position\":3,\"name\":\"Ren\u00e9 Cassin documentary database\"}]},{\"@type\":\"WebSite\",\"@id\":\"https:\\\/\\\/www.iidh.org\\\/en\\\/#website\",\"url\":\"https:\\\/\\\/www.iidh.org\\\/en\\\/\",\"name\":\"Fondation Ren\u00e9 CASSIN\",\"description\":\"\",\"publisher\":{\"@id\":\"https:\\\/\\\/www.iidh.org\\\/en\\\/#organization\"},\"potentialAction\":[{\"@type\":\"SearchAction\",\"target\":{\"@type\":\"EntryPoint\",\"urlTemplate\":\"https:\\\/\\\/www.iidh.org\\\/en\\\/?s={search_term_string}\"},\"query-input\":{\"@type\":\"PropertyValueSpecification\",\"valueRequired\":true,\"valueName\":\"search_term_string\"}}],\"inLanguage\":\"en-US\"},{\"@type\":\"Organization\",\"@id\":\"https:\\\/\\\/www.iidh.org\\\/en\\\/#organization\",\"name\":\"Fondation Ren\u00e9 CASSIN\",\"url\":\"https:\\\/\\\/www.iidh.org\\\/en\\\/\",\"logo\":{\"@type\":\"ImageObject\",\"inLanguage\":\"en-US\",\"@id\":\"https:\\\/\\\/www.iidh.org\\\/en\\\/#\\\/schema\\\/logo\\\/image\\\/\",\"url\":\"https:\\\/\\\/www.iidh.org\\\/wp-content\\\/uploads\\\/2024\\\/09\\\/LOGO_FRC-rouge.svg\",\"contentUrl\":\"https:\\\/\\\/www.iidh.org\\\/wp-content\\\/uploads\\\/2024\\\/09\\\/LOGO_FRC-rouge.svg\",\"width\":699,\"height\":221,\"caption\":\"Fondation Ren\u00e9 CASSIN\"},\"image\":{\"@id\":\"https:\\\/\\\/www.iidh.org\\\/en\\\/#\\\/schema\\\/logo\\\/image\\\/\"},\"sameAs\":[\"https:\\\/\\\/www.facebook.com\\\/FondationReneCassin\\\/\",\"https:\\\/\\\/x.com\\\/IIDHStrasbourg\",\"https:\\\/\\\/www.instagram.com\\\/fondationrenecassin\\\/\"]}]}<\/script>\n<!-- \/ Yoast SEO plugin. -->","yoast_head_json":{"title":"Ren\u00e9 Cassin documentary database - Fondation Ren\u00e9 CASSIN","robots":{"index":"index","follow":"follow","max-snippet":"max-snippet:-1","max-image-preview":"max-image-preview:large","max-video-preview":"max-video-preview:-1"},"canonical":"https:\/\/www.iidh.org\/en\/rene-cassin-documentary-database\/","og_locale":"en_US","og_type":"article","og_title":"Ren\u00e9 Cassin documentary database - Fondation Ren\u00e9 CASSIN","og_url":"https:\/\/www.iidh.org\/en\/rene-cassin-documentary-database\/","og_site_name":"Fondation Ren\u00e9 CASSIN","article_publisher":"https:\/\/www.facebook.com\/FondationReneCassin\/","article_modified_time":"2026-01-16T08:59:00+00:00","og_image":[{"width":1200,"height":675,"url":"https:\/\/www.iidh.org\/wp-content\/uploads\/2024\/10\/vignette-iidh.jpg","type":"image\/jpeg"}],"twitter_card":"summary_large_image","twitter_site":"@IIDHStrasbourg","twitter_misc":{"Est. reading time":"2 minutes"},"schema":{"@context":"https:\/\/schema.org","@graph":[{"@type":"WebPage","@id":"https:\/\/www.iidh.org\/en\/rene-cassin-documentary-database\/","url":"https:\/\/www.iidh.org\/en\/rene-cassin-documentary-database\/","name":"Ren\u00e9 Cassin documentary database - Fondation Ren\u00e9 CASSIN","isPartOf":{"@id":"https:\/\/www.iidh.org\/en\/#website"},"datePublished":"2024-10-01T14:35:45+00:00","dateModified":"2026-01-16T08:59:00+00:00","breadcrumb":{"@id":"https:\/\/www.iidh.org\/en\/rene-cassin-documentary-database\/#breadcrumb"},"inLanguage":"en-US","potentialAction":[{"@type":"ReadAction","target":["https:\/\/www.iidh.org\/en\/rene-cassin-documentary-database\/"]}]},{"@type":"BreadcrumbList","@id":"https:\/\/www.iidh.org\/en\/rene-cassin-documentary-database\/#breadcrumb","itemListElement":[{"@type":"ListItem","position":1,"name":"Accueil","item":"https:\/\/www.iidh.org\/en\/"},{"@type":"ListItem","position":2,"name":"Search","item":"https:\/\/www.iidh.org\/en\/search\/"},{"@type":"ListItem","position":3,"name":"Ren\u00e9 Cassin documentary database"}]},{"@type":"WebSite","@id":"https:\/\/www.iidh.org\/en\/#website","url":"https:\/\/www.iidh.org\/en\/","name":"Fondation Ren\u00e9 CASSIN","description":"","publisher":{"@id":"https:\/\/www.iidh.org\/en\/#organization"},"potentialAction":[{"@type":"SearchAction","target":{"@type":"EntryPoint","urlTemplate":"https:\/\/www.iidh.org\/en\/?s={search_term_string}"},"query-input":{"@type":"PropertyValueSpecification","valueRequired":true,"valueName":"search_term_string"}}],"inLanguage":"en-US"},{"@type":"Organization","@id":"https:\/\/www.iidh.org\/en\/#organization","name":"Fondation Ren\u00e9 CASSIN","url":"https:\/\/www.iidh.org\/en\/","logo":{"@type":"ImageObject","inLanguage":"en-US","@id":"https:\/\/www.iidh.org\/en\/#\/schema\/logo\/image\/","url":"https:\/\/www.iidh.org\/wp-content\/uploads\/2024\/09\/LOGO_FRC-rouge.svg","contentUrl":"https:\/\/www.iidh.org\/wp-content\/uploads\/2024\/09\/LOGO_FRC-rouge.svg","width":699,"height":221,"caption":"Fondation Ren\u00e9 CASSIN"},"image":{"@id":"https:\/\/www.iidh.org\/en\/#\/schema\/logo\/image\/"},"sameAs":["https:\/\/www.facebook.com\/FondationReneCassin\/","https:\/\/x.com\/IIDHStrasbourg","https:\/\/www.instagram.com\/fondationrenecassin\/"]}]}},"_links":{"self":[{"href":"https:\/\/www.iidh.org\/en\/wp-json\/wp\/v2\/pages\/5118","targetHints":{"allow":["GET"]}}],"collection":[{"href":"https:\/\/www.iidh.org\/en\/wp-json\/wp\/v2\/pages"}],"about":[{"href":"https:\/\/www.iidh.org\/en\/wp-json\/wp\/v2\/types\/page"}],"author":[{"embeddable":true,"href":"https:\/\/www.iidh.org\/en\/wp-json\/wp\/v2\/users\/1"}],"replies":[{"embeddable":true,"href":"https:\/\/www.iidh.org\/en\/wp-json\/wp\/v2\/comments?post=5118"}],"version-history":[{"count":3,"href":"https:\/\/www.iidh.org\/en\/wp-json\/wp\/v2\/pages\/5118\/revisions"}],"predecessor-version":[{"id":7023,"href":"https:\/\/www.iidh.org\/en\/wp-json\/wp\/v2\/pages\/5118\/revisions\/7023"}],"wp:attachment":[{"href":"https:\/\/www.iidh.org\/en\/wp-json\/wp\/v2\/media?parent=5118"}],"curies":[{"name":"wp","href":"https:\/\/api.w.org\/{rel}","templated":true}]}}