{"id":5019,"date":"2024-10-01T16:43:27","date_gmt":"2024-10-01T14:43:27","guid":{"rendered":"https:\/\/www.iidh.org\/haz-un-donativo\/"},"modified":"2025-12-22T12:37:50","modified_gmt":"2025-12-22T10:37:50","slug":"haz-un-donativo","status":"publish","type":"page","link":"https:\/\/www.iidh.org\/es\/trabaja-con-nosotros\/haz-un-donativo\/","title":{"rendered":"Haz un donativo"},"content":{"rendered":"<div class=\"fusion-fullwidth fullwidth-box fusion-builder-row-1 fusion-flex-container has-pattern-background has-mask-background nonhundred-percent-fullwidth non-hundred-percent-height-scrolling\" style=\"--awb-border-radius-top-left:0px;--awb-border-radius-top-right:0px;--awb-border-radius-bottom-right:0px;--awb-border-radius-bottom-left:0px;--awb-flex-wrap:wrap;\" ><div class=\"fusion-builder-row fusion-row fusion-flex-align-items-flex-start fusion-flex-content-wrap\" style=\"max-width:1248px;margin-left: calc(-4% \/ 2 );margin-right: calc(-4% \/ 2 );\"><div class=\"fusion-layout-column fusion_builder_column fusion-builder-column-0 fusion_builder_column_3_4 3_4 fusion-flex-column\" style=\"--awb-bg-size:cover;--awb-width-large:75%;--awb-margin-top-large:0px;--awb-spacing-right-large:2.56%;--awb-margin-bottom-large:0px;--awb-spacing-left-large:2.56%;--awb-width-medium:75%;--awb-order-medium:0;--awb-spacing-right-medium:2.56%;--awb-spacing-left-medium:2.56%;--awb-width-small:100%;--awb-order-small:0;--awb-spacing-right-small:1.92%;--awb-spacing-left-small:1.92%;\"><div class=\"fusion-column-wrapper fusion-column-has-shadow fusion-flex-justify-content-flex-start fusion-content-layout-column\"><div class=\"fusion-title title fusion-title-1 fusion-sep-none fusion-title-text fusion-title-size-two\" style=\"--awb-text-color:var(--awb-color5);--awb-margin-top-small:10px;--awb-margin-right-small:0px;--awb-margin-bottom-small:10px;--awb-margin-left-small:0px;\"><h2 class=\"fusion-title-heading title-heading-left fusion-responsive-typography-calculated\" style=\"margin:0;--fontSize:42;line-height:var(--awb-typography1-line-height);\">\u00bfPor qu\u00e9 apoyar a la Fundaci\u00f3n?<\/h2><\/div><\/div><\/div><div class=\"fusion-layout-column fusion_builder_column fusion-builder-column-1 fusion_builder_column_1_4 1_4 fusion-flex-column fusion-flex-align-self-stretch\" style=\"--awb-bg-size:cover;--awb-width-large:25%;--awb-margin-top-large:0px;--awb-spacing-right-large:7.68%;--awb-margin-bottom-large:0px;--awb-spacing-left-large:7.68%;--awb-width-medium:25%;--awb-order-medium:0;--awb-spacing-right-medium:7.68%;--awb-spacing-left-medium:7.68%;--awb-width-small:100%;--awb-order-small:0;--awb-spacing-right-small:1.92%;--awb-spacing-left-small:1.92%;\"><div class=\"fusion-column-wrapper fusion-column-has-shadow fusion-flex-justify-content-center fusion-content-layout-column\"><\/div><\/div><div class=\"fusion-layout-column fusion_builder_column fusion-builder-column-2 fusion_builder_column_1_1 1_1 fusion-flex-column\" style=\"--awb-bg-size:cover;--awb-width-large:100%;--awb-margin-top-large:0px;--awb-spacing-right-large:1.92%;--awb-margin-bottom-large:0px;--awb-spacing-left-large:1.92%;--awb-width-medium:100%;--awb-order-medium:0;--awb-spacing-right-medium:1.92%;--awb-spacing-left-medium:1.92%;--awb-width-small:100%;--awb-order-small:0;--awb-spacing-right-small:1.92%;--awb-spacing-left-small:1.92%;\"><div class=\"fusion-column-wrapper fusion-column-has-shadow fusion-flex-justify-content-flex-start fusion-content-layout-column\"><div class=\"fusion-text fusion-text-1\"><section class=\"elementor-section elementor-top-section elementor-element elementor-element-1ab9e0f3 elementor-section-boxed elementor-section-height-default elementor-section-height-default\" data-id=\"1ab9e0f3\" data-element_type=\"section\">\n<div class=\"elementor-container elementor-column-gap-default\">\n<div class=\"elementor-column elementor-col-100 elementor-top-column elementor-element elementor-element-26e4699f\" data-id=\"26e4699f\" data-element_type=\"column\">\n<div class=\"elementor-widget-wrap elementor-element-populated\">\n<div class=\"elementor-element elementor-element-19e7570 elementor-widget elementor-widget-text-editor\" data-id=\"19e7570\" data-element_type=\"widget\" data-widget_type=\"text-editor.default\">\n<div class=\"elementor-widget-container\">\n<ul>\n<li aria-level=\"1\"><span style=\"color: rgb(0, 0, 0);\">Participar en un proceso significativo que contribuya al inter\u00e9s general.<\/span><\/li>\n<li aria-level=\"1\"><span style=\"color: rgb(0, 0, 0);\">Participar en la evoluci\u00f3n de la sociedad actual hacia la sociedad del ma\u00f1ana, estando en el centro de las grandes cuestiones en Francia y a escala internacional.<\/span><\/li>\n<li aria-level=\"1\"><span style=\"color: rgb(0, 0, 0);\">Apoyar iniciativas concretas de educaci\u00f3n, ense\u00f1anza y formaci\u00f3n para la defensa y el desarrollo de los derechos humanos y las libertades fundamentales.<\/span><\/li>\n<li aria-level=\"1\"><span style=\"color: rgb(0, 0, 0);\">Apoyar nuestras iniciativas de sensibilizaci\u00f3n mediante exposiciones e iniciativas dirigidas a los j\u00f3venes.<\/span><\/li>\n<\/ul>\n<\/div>\n<\/div>\n<\/div>\n<\/div>\n<\/div>\n<\/section>\n<\/div><div class=\"_df_book df-lite\" id=\"df_6142\"  _slug=\"faire-un-don-brochure-mecenat\" data-title=\"faire-un-don-brochure-mecenat\" wpoptions=\"true\" thumbtype=\"\" ><\/div><script class=\"df-shortcode-script\" nowprocket type=\"application\/javascript\">window.option_df_6142 = {\"outline\":[],\"autoEnableOutline\":\"false\",\"autoEnableThumbnail\":\"false\",\"overwritePDFOutline\":\"false\",\"direction\":\"1\",\"pageSize\":\"0\",\"source\":\"https:\\\/\\\/www.iidh.org\\\/wp-content\\\/uploads\\\/2025\\\/03\\\/Brochure-mecenat_compressed.pdf\",\"wpOptions\":\"true\"}; if(window.DFLIP && window.DFLIP.parseBooks){window.DFLIP.parseBooks();}<\/script><div class=\"fusion-text fusion-text-2\"><section class=\"elementor-section elementor-top-section elementor-element elementor-element-1ab9e0f3 elementor-section-boxed elementor-section-height-default elementor-section-height-default\" data-id=\"1ab9e0f3\" data-element_type=\"section\">\n<div class=\"elementor-container elementor-column-gap-default\">\n<div class=\"elementor-column elementor-col-100 elementor-top-column elementor-element elementor-element-26e4699f\" data-id=\"26e4699f\" data-element_type=\"column\">\n<div class=\"elementor-widget-wrap elementor-element-populated\">\n<div class=\"elementor-element elementor-element-19e7570 elementor-widget elementor-widget-text-editor\" data-id=\"19e7570\" data-element_type=\"widget\" data-widget_type=\"text-editor.default\">\n<div class=\"elementor-widget-container\">\n<div style=\"text-align: justify;\"><\/div>\n<\/div>\n<\/div>\n<\/div>\n<\/div>\n<\/div>\n<\/section>\n<section class=\"elementor-section elementor-top-section elementor-element elementor-element-0e9e4c4 elementor-section-boxed elementor-section-height-default elementor-section-height-default\" data-id=\"0e9e4c4\" data-element_type=\"section\">\n<div class=\"elementor-container elementor-column-gap-default\">\n<div class=\"elementor-column elementor-col-100 elementor-top-column elementor-element elementor-element-e0e77de\" data-id=\"e0e77de\" data-element_type=\"column\">\n<div class=\"elementor-widget-wrap elementor-element-populated\">\n<div class=\"elementor-element elementor-element-b94fea2 edubin-title-align-left elementor-widget elementor-widget-section-title-addons\" data-id=\"b94fea2\" data-element_type=\"widget\" data-widget_type=\"section-title-addons.default\">\n<div class=\"elementor-widget-container\">\n<div class=\"edubin-section-title edubin-subtitle-position-bottom title-style-four\">\n<p style=\"--fontsize: 30; line-height: 1.4; color: rgb(0, 0, 0); font-size: 17px;\">\n<p style=\"--fontsize: 30; line-height: 1.4; color: rgb(0, 0, 0); font-size: 17px;\">Si deseas que tu donativo se destine a un proyecto espec\u00edfico apoyado por la Fundaci\u00f3n Ren\u00e9 Cassin, h\u00e1znoslo saber envi\u00e1ndonos un correo electr\u00f3nico a la siguiente direcci\u00f3n: <b><a href=\"http:\/\/soutenirlafondation@iidh.org\">soutenirlafondation@iidh.org.<\/a><\/b><\/p>\n<h3 class=\"section-subtitle-txt\" style=\"--fontsize: 30; line-height: 1.4;\" data-fontsize=\"30\" data-lineheight=\"42px\">Para las empresas :<\/h3>\n<\/div>\n<\/div>\n<\/div>\n<div class=\"elementor-element elementor-element-a26e64a elementor-widget elementor-widget-text-editor\" data-id=\"a26e64a\" data-element_type=\"widget\" data-widget_type=\"text-editor.default\">\n<div class=\"elementor-widget-container\">\n<ul>\n<li aria-level=\"1\"><span style=\"color: rgb(0, 0, 0);\">Implantar un enfoque de Responsabilidad Social Corporativa (RSC) en tu empresa; una cuesti\u00f3n moral y de reputaci\u00f3n a favor del respeto de los derechos humanos.<\/span><\/li>\n<li aria-level=\"1\"><span style=\"color: rgb(0, 0, 0);\">Para beneficiarte de una reducci\u00f3n fiscal del 66% del importe donado. Hasta un l\u00edmite de 20.000 euros o el 5 \u2030 (5 por mil) de la facturaci\u00f3n anual, impuestos excluidos. <\/span><\/li>\n<\/ul>\n<\/div>\n<\/div>\n<\/div>\n<\/div>\n<\/div>\n<\/section>\n<section class=\"elementor-section elementor-top-section elementor-element elementor-element-ba939cd elementor-section-boxed elementor-section-height-default elementor-section-height-default\" data-id=\"ba939cd\" data-element_type=\"section\">\n<div class=\"elementor-container elementor-column-gap-default\">\n<div class=\"elementor-column elementor-col-100 elementor-top-column elementor-element elementor-element-9f39855\" data-id=\"9f39855\" data-element_type=\"column\">\n<div class=\"elementor-widget-wrap elementor-element-populated\">\n<div class=\"elementor-element elementor-element-1b3ef73 edubin-title-align-left elementor-widget elementor-widget-section-title-addons\" data-id=\"1b3ef73\" data-element_type=\"widget\" data-widget_type=\"section-title-addons.default\">\n<div class=\"elementor-widget-container\">\n<div class=\"edubin-section-title edubin-subtitle-position-bottom title-style-four\">\n<h3 class=\"section-subtitle-txt\" style=\"--fontsize: 30; line-height: 1.4;\" data-fontsize=\"30\" data-lineheight=\"42px\">Para particulares :<\/h3>\n<\/div>\n<\/div>\n<\/div>\n<div class=\"elementor-element elementor-element-703c08e elementor-widget elementor-widget-text-editor\" data-id=\"703c08e\" data-element_type=\"widget\" data-widget_type=\"text-editor.default\">\n<div class=\"elementor-widget-container\">\n<ul>\n<li aria-level=\"1\"><span style=\"color: rgb(0, 0, 0);\">Beneficiarte de una reducci\u00f3n fiscal del 66% del importe de la donaci\u00f3n. Hasta el 20% de la base imponible. <\/span><\/li>\n<\/ul>\n<\/div>\n<\/div>\n<\/div>\n<\/div>\n<\/div>\n<\/section>\n<\/div><script type=\"text\/javascript\" src=\"https:\/\/form.jotform.com\/jsform\/252853636710358\"><\/script><\/div><\/div><\/div><\/div>\n","protected":false},"excerpt":{"rendered":"","protected":false},"author":1,"featured_media":0,"parent":5180,"menu_order":0,"comment_status":"closed","ping_status":"closed","template":"100-width.php","meta":{"footnotes":""},"class_list":["post-5019","page","type-page","status-publish","hentry"],"yoast_head":"<!-- This site is optimized with the Yoast SEO plugin v27.5 - https:\/\/yoast.com\/product\/yoast-seo-wordpress\/ -->\n<title>Haz un donativo - Fondation Ren\u00e9 CASSIN<\/title>\n<meta name=\"robots\" content=\"index, follow, max-snippet:-1, max-image-preview:large, max-video-preview:-1\" \/>\n<link rel=\"canonical\" href=\"https:\/\/www.iidh.org\/es\/trabaja-con-nosotros\/haz-un-donativo\/\" \/>\n<meta property=\"og:locale\" content=\"es_ES\" \/>\n<meta property=\"og:type\" content=\"article\" \/>\n<meta property=\"og:title\" content=\"Haz un donativo - Fondation Ren\u00e9 CASSIN\" \/>\n<meta property=\"og:url\" content=\"https:\/\/www.iidh.org\/es\/trabaja-con-nosotros\/haz-un-donativo\/\" \/>\n<meta property=\"og:site_name\" content=\"Fondation Ren\u00e9 CASSIN\" \/>\n<meta property=\"article:publisher\" content=\"https:\/\/www.facebook.com\/FondationReneCassin\/\" \/>\n<meta property=\"article:modified_time\" content=\"2025-12-22T10:37:50+00:00\" \/>\n<meta property=\"og:image\" content=\"https:\/\/www.iidh.org\/wp-content\/uploads\/2024\/10\/vignette-iidh.jpg\" \/>\n\t<meta property=\"og:image:width\" content=\"1200\" \/>\n\t<meta property=\"og:image:height\" content=\"675\" \/>\n\t<meta property=\"og:image:type\" content=\"image\/jpeg\" \/>\n<meta name=\"twitter:card\" content=\"summary_large_image\" \/>\n<meta name=\"twitter:site\" content=\"@IIDHStrasbourg\" \/>\n<meta name=\"twitter:label1\" content=\"Tiempo de lectura\" \/>\n\t<meta name=\"twitter:data1\" content=\"7 minutos\" \/>\n<script type=\"application\/ld+json\" class=\"yoast-schema-graph\">{\"@context\":\"https:\\\/\\\/schema.org\",\"@graph\":[{\"@type\":\"WebPage\",\"@id\":\"https:\\\/\\\/www.iidh.org\\\/es\\\/trabaja-con-nosotros\\\/haz-un-donativo\\\/\",\"url\":\"https:\\\/\\\/www.iidh.org\\\/es\\\/trabaja-con-nosotros\\\/haz-un-donativo\\\/\",\"name\":\"Haz un donativo - Fondation Ren\u00e9 CASSIN\",\"isPartOf\":{\"@id\":\"https:\\\/\\\/www.iidh.org\\\/es\\\/#website\"},\"datePublished\":\"2024-10-01T14:43:27+00:00\",\"dateModified\":\"2025-12-22T10:37:50+00:00\",\"breadcrumb\":{\"@id\":\"https:\\\/\\\/www.iidh.org\\\/es\\\/trabaja-con-nosotros\\\/haz-un-donativo\\\/#breadcrumb\"},\"inLanguage\":\"es\",\"potentialAction\":[{\"@type\":\"ReadAction\",\"target\":[\"https:\\\/\\\/www.iidh.org\\\/es\\\/trabaja-con-nosotros\\\/haz-un-donativo\\\/\"]}]},{\"@type\":\"BreadcrumbList\",\"@id\":\"https:\\\/\\\/www.iidh.org\\\/es\\\/trabaja-con-nosotros\\\/haz-un-donativo\\\/#breadcrumb\",\"itemListElement\":[{\"@type\":\"ListItem\",\"position\":1,\"name\":\"Accueil\",\"item\":\"https:\\\/\\\/www.iidh.org\\\/es\\\/\"},{\"@type\":\"ListItem\",\"position\":2,\"name\":\"Trabaja con nosotros\",\"item\":\"https:\\\/\\\/www.iidh.org\\\/es\\\/trabaja-con-nosotros\\\/\"},{\"@type\":\"ListItem\",\"position\":3,\"name\":\"Haz un donativo\"}]},{\"@type\":\"WebSite\",\"@id\":\"https:\\\/\\\/www.iidh.org\\\/es\\\/#website\",\"url\":\"https:\\\/\\\/www.iidh.org\\\/es\\\/\",\"name\":\"Fondation Ren\u00e9 CASSIN\",\"description\":\"\",\"publisher\":{\"@id\":\"https:\\\/\\\/www.iidh.org\\\/es\\\/#organization\"},\"potentialAction\":[{\"@type\":\"SearchAction\",\"target\":{\"@type\":\"EntryPoint\",\"urlTemplate\":\"https:\\\/\\\/www.iidh.org\\\/es\\\/?s={search_term_string}\"},\"query-input\":{\"@type\":\"PropertyValueSpecification\",\"valueRequired\":true,\"valueName\":\"search_term_string\"}}],\"inLanguage\":\"es\"},{\"@type\":\"Organization\",\"@id\":\"https:\\\/\\\/www.iidh.org\\\/es\\\/#organization\",\"name\":\"Fondation Ren\u00e9 CASSIN\",\"url\":\"https:\\\/\\\/www.iidh.org\\\/es\\\/\",\"logo\":{\"@type\":\"ImageObject\",\"inLanguage\":\"es\",\"@id\":\"https:\\\/\\\/www.iidh.org\\\/es\\\/#\\\/schema\\\/logo\\\/image\\\/\",\"url\":\"https:\\\/\\\/www.iidh.org\\\/wp-content\\\/uploads\\\/2024\\\/09\\\/LOGO_FRC-rouge.svg\",\"contentUrl\":\"https:\\\/\\\/www.iidh.org\\\/wp-content\\\/uploads\\\/2024\\\/09\\\/LOGO_FRC-rouge.svg\",\"width\":699,\"height\":221,\"caption\":\"Fondation Ren\u00e9 CASSIN\"},\"image\":{\"@id\":\"https:\\\/\\\/www.iidh.org\\\/es\\\/#\\\/schema\\\/logo\\\/image\\\/\"},\"sameAs\":[\"https:\\\/\\\/www.facebook.com\\\/FondationReneCassin\\\/\",\"https:\\\/\\\/x.com\\\/IIDHStrasbourg\",\"https:\\\/\\\/www.instagram.com\\\/fondationrenecassin\\\/\"]}]}<\/script>\n<!-- \/ Yoast SEO plugin. -->","yoast_head_json":{"title":"Haz un donativo - Fondation Ren\u00e9 CASSIN","robots":{"index":"index","follow":"follow","max-snippet":"max-snippet:-1","max-image-preview":"max-image-preview:large","max-video-preview":"max-video-preview:-1"},"canonical":"https:\/\/www.iidh.org\/es\/trabaja-con-nosotros\/haz-un-donativo\/","og_locale":"es_ES","og_type":"article","og_title":"Haz un donativo - Fondation Ren\u00e9 CASSIN","og_url":"https:\/\/www.iidh.org\/es\/trabaja-con-nosotros\/haz-un-donativo\/","og_site_name":"Fondation Ren\u00e9 CASSIN","article_publisher":"https:\/\/www.facebook.com\/FondationReneCassin\/","article_modified_time":"2025-12-22T10:37:50+00:00","og_image":[{"width":1200,"height":675,"url":"https:\/\/www.iidh.org\/wp-content\/uploads\/2024\/10\/vignette-iidh.jpg","type":"image\/jpeg"}],"twitter_card":"summary_large_image","twitter_site":"@IIDHStrasbourg","twitter_misc":{"Tiempo de lectura":"7 minutos"},"schema":{"@context":"https:\/\/schema.org","@graph":[{"@type":"WebPage","@id":"https:\/\/www.iidh.org\/es\/trabaja-con-nosotros\/haz-un-donativo\/","url":"https:\/\/www.iidh.org\/es\/trabaja-con-nosotros\/haz-un-donativo\/","name":"Haz un donativo - Fondation Ren\u00e9 CASSIN","isPartOf":{"@id":"https:\/\/www.iidh.org\/es\/#website"},"datePublished":"2024-10-01T14:43:27+00:00","dateModified":"2025-12-22T10:37:50+00:00","breadcrumb":{"@id":"https:\/\/www.iidh.org\/es\/trabaja-con-nosotros\/haz-un-donativo\/#breadcrumb"},"inLanguage":"es","potentialAction":[{"@type":"ReadAction","target":["https:\/\/www.iidh.org\/es\/trabaja-con-nosotros\/haz-un-donativo\/"]}]},{"@type":"BreadcrumbList","@id":"https:\/\/www.iidh.org\/es\/trabaja-con-nosotros\/haz-un-donativo\/#breadcrumb","itemListElement":[{"@type":"ListItem","position":1,"name":"Accueil","item":"https:\/\/www.iidh.org\/es\/"},{"@type":"ListItem","position":2,"name":"Trabaja con nosotros","item":"https:\/\/www.iidh.org\/es\/trabaja-con-nosotros\/"},{"@type":"ListItem","position":3,"name":"Haz un donativo"}]},{"@type":"WebSite","@id":"https:\/\/www.iidh.org\/es\/#website","url":"https:\/\/www.iidh.org\/es\/","name":"Fondation Ren\u00e9 CASSIN","description":"","publisher":{"@id":"https:\/\/www.iidh.org\/es\/#organization"},"potentialAction":[{"@type":"SearchAction","target":{"@type":"EntryPoint","urlTemplate":"https:\/\/www.iidh.org\/es\/?s={search_term_string}"},"query-input":{"@type":"PropertyValueSpecification","valueRequired":true,"valueName":"search_term_string"}}],"inLanguage":"es"},{"@type":"Organization","@id":"https:\/\/www.iidh.org\/es\/#organization","name":"Fondation Ren\u00e9 CASSIN","url":"https:\/\/www.iidh.org\/es\/","logo":{"@type":"ImageObject","inLanguage":"es","@id":"https:\/\/www.iidh.org\/es\/#\/schema\/logo\/image\/","url":"https:\/\/www.iidh.org\/wp-content\/uploads\/2024\/09\/LOGO_FRC-rouge.svg","contentUrl":"https:\/\/www.iidh.org\/wp-content\/uploads\/2024\/09\/LOGO_FRC-rouge.svg","width":699,"height":221,"caption":"Fondation Ren\u00e9 CASSIN"},"image":{"@id":"https:\/\/www.iidh.org\/es\/#\/schema\/logo\/image\/"},"sameAs":["https:\/\/www.facebook.com\/FondationReneCassin\/","https:\/\/x.com\/IIDHStrasbourg","https:\/\/www.instagram.com\/fondationrenecassin\/"]}]}},"_links":{"self":[{"href":"https:\/\/www.iidh.org\/es\/wp-json\/wp\/v2\/pages\/5019","targetHints":{"allow":["GET"]}}],"collection":[{"href":"https:\/\/www.iidh.org\/es\/wp-json\/wp\/v2\/pages"}],"about":[{"href":"https:\/\/www.iidh.org\/es\/wp-json\/wp\/v2\/types\/page"}],"author":[{"embeddable":true,"href":"https:\/\/www.iidh.org\/es\/wp-json\/wp\/v2\/users\/1"}],"replies":[{"embeddable":true,"href":"https:\/\/www.iidh.org\/es\/wp-json\/wp\/v2\/comments?post=5019"}],"version-history":[{"count":8,"href":"https:\/\/www.iidh.org\/es\/wp-json\/wp\/v2\/pages\/5019\/revisions"}],"predecessor-version":[{"id":6687,"href":"https:\/\/www.iidh.org\/es\/wp-json\/wp\/v2\/pages\/5019\/revisions\/6687"}],"up":[{"embeddable":true,"href":"https:\/\/www.iidh.org\/es\/wp-json\/wp\/v2\/pages\/5180"}],"wp:attachment":[{"href":"https:\/\/www.iidh.org\/es\/wp-json\/wp\/v2\/media?parent=5019"}],"curies":[{"name":"wp","href":"https:\/\/api.w.org\/{rel}","templated":true}]}}