{"id":5024,"date":"2024-10-10T09:52:37","date_gmt":"2024-10-10T07:52:37","guid":{"rendered":"https:\/\/www.iidh.org\/condiciones-generales-de-venta-de-servicios-a-los-consumidores\/"},"modified":"2024-10-10T09:52:37","modified_gmt":"2024-10-10T07:52:37","slug":"condiciones-generales-de-venta-de-servicios-a-los-consumidores","status":"publish","type":"page","link":"https:\/\/www.iidh.org\/es\/condiciones-generales-de-venta-de-servicios-a-los-consumidores\/","title":{"rendered":"Condiciones generales de venta de servicios a los consumidores"},"content":{"rendered":"<ol class=\"wp-block-list\">\n<li><strong><br \/>\n<\/strong><\/p>\n<p>S<strong>obre nosotros<\/strong> La FUNDACI\u00d3N REN\u00c9 CASSIN &#8211; INSTITUT INTERNATIONAL DES DROITS DE L&#8217;HOMME, FONDATION RECONNUE D&#8217;UTILIT\u00c9 PUBLIQUE, con un capital de 1984000,00 euros, con domicilio social en ESTRASBURGO (67000) 2 all\u00e9e Ren\u00e9 Cassin 67000 ESTRASBURGO, registrada con el n\u00famero siret 77886484300041. <strong><br \/>\nDeclaraci\u00f3n de actividad registrada con el n\u00famero 44670634667 en el Pr\u00e9fet de la R\u00e9gion Grand Est y Certificado n\u00ba 721056 expedido por Qualiopi.<br \/>\nLa Fundaci\u00f3n est\u00e1 representada por el Sr. Emmanuel DECAUX (en adelante, la \u00abFundaci\u00f3n\u00bb).<\/p>\n<p>La Fundaci\u00f3n ofrece los siguientes servicios: \u00abformaci\u00f3n online y presencial\u00bb, \u00abalquiler de salas de formaci\u00f3n\u00bb, \u00abalquiler de oficinas\u00bb, \u00abcursos de e-learning\u00bb.<br \/>\nLa Fundaci\u00f3n est\u00e1 reconocida de utilidad p\u00fablica en virtud del decreto en Conseil d&#8217;Etat n\u00b0INTD1515586D de 11 de diciembre de 2015.<\/strong>    <\/li>\n<li><strong><br \/>\n<\/strong><\/p>\n<p>P<strong>re\u00e1mbulo<\/strong> Las presentes Condiciones Generales de Venta (en adelante, las \u00abCGV\u00bb) constituyen la \u00fanica base de la relaci\u00f3n comercial entre las partes y rigen las condiciones en las que la Fundaci\u00f3n presta sus Servicios a sus clientes profesionales que los solicitan directamente o por escrito.<strong><\/p>\n<p>Se aplican a todos los Servicios prestados por la Fundaci\u00f3n a todos los clientes de la misma categor\u00eda, independientemente de las cl\u00e1usulas que puedan figurar en un documento del cliente, en particular sus condiciones generales de compra. Se comunican sistem\u00e1ticamente a todo cliente que las solicite . Todo pedido implica la aceptaci\u00f3n de las CGV.<\/strong><\/li>\n<li><strong>Definiciones<br \/>\n<\/strong><br \/>\nCliente significa cualquier persona que realice un pedido por contacto directo o en papel; Pedido significa cualquier pedido realizado por el Cliente con el fin de beneficiarse de los servicios de la Fundaci\u00f3n; Condiciones Generales de Venta o CGV significa este documento; Consumidor significa el comprador que es una persona f\u00edsica que act\u00faa fuera del \u00e1mbito de su actividad profesional;<\/p>\n<p>Profesional designa al comprador, persona jur\u00eddica o f\u00edsica, que act\u00faa en el marco de su actividad profesional ; Servicios designa el conjunto de los servicios ofrecidos por la Fundaci\u00f3n; y Fundaci\u00f3n designa a la Fundaci\u00f3n Ren\u00e9 Cassin &#8211; Instituto Internacional de Derechos Humanos, m\u00e1s ampliamente mencionada en el Art\u00edculo I de las presentes Condiciones Generales de Venta.<\/p>\n<\/li>\n<li><strong>Pedidos<\/strong>Los pedidos los realiza el Cliente por contacto directo, en nuestro sitio web o por correo electr\u00f3nico.<\/li>\n<li><strong>Servicios y precios<\/strong><br \/>\n<strong><br \/>\n<\/strong><\/p>\n<p>La Fundaci\u00f3n podr\u00e1 ofrecer al Cliente reducciones de precio, descuentos y rebajas en funci\u00f3n del n\u00famero de Servicios solicitados o de la regularidad de los Pedidos, de acuerdo con las condiciones establecidas por la Fundaci\u00f3n.<\/li>\n<li><strong>Condiciones de pago<\/strong><br \/>\n<strong><br \/>\n<\/strong><\/p>\n<p>El precio es pagadero en su totalidad el d\u00eda en que se realiza el pedido. El pago puede realizarse mediante: tarjeta bancaria, plataforma Paypal y, previo acuerdo de la Fondation, mediante transferencia bancaria.<br \/>\nEn este \u00faltimo caso, los gastos bancarios correr\u00e1n \u00edntegramente a cargo del cliente . <\/li>\n<li><strong>Prestaci\u00f3n de servicios<\/strong><br \/>\n<strong><br \/>\n<\/strong><\/p>\n<p>Los servicios solicitados ser\u00e1n prestados por: La Fundaci\u00f3n La Fundaci\u00f3n se compromete a hacer todo lo posible para cumplir los plazos anunciados al realizar el Pedido. No obstante, en ning\u00fan caso podr\u00e1 ser considerada responsable de los retrasos en la prestaci\u00f3n de los servicios causados por fallos de los que no sea responsable.<\/p>\n<p>La Fundaci\u00f3n no podr\u00e1 ser considerada responsable de los retrasos causados por razones de fuerza mayor, es decir, debidos a la aparici\u00f3n de un acontecimiento imprevisible, irresistible y ajeno a la voluntad de la Fundaci\u00f3n.<\/li>\n<li><strong>Reclamaciones<\/strong><br \/>\n<strong><br \/>\n<\/strong><\/p>\n<p>Para todos los pedidos realizados, el Cliente dispone de un derecho de reclamaci\u00f3n de 30 d\u00edas desde la fecha de finalizaci\u00f3n del curso de formaci\u00f3n hasta la fecha de prestaci\u00f3n del Servicio. Para ejercer este derecho de reclamaci\u00f3n, el Cliente debe enviar a la Fundaci\u00f3n, a la direcci\u00f3n administration@iidh.org, una declaraci\u00f3n en la que exprese sus reservas y quejas, junto con los documentos justificativos pertinentes. No se aceptar\u00e1 ninguna reclamaci\u00f3n que no cumpla las condiciones descritas anteriormente.<\/li>\n<li><strong><br \/>\n<\/strong><br \/>\nD<strong>erecho de retractaci\u00f3n y condiciones de anulaci\u00f3n para El Consumidor<\/strong>dispone de un derecho de retractaci\u00f3n de 15 d\u00edas laborables a partir de la realizaci\u00f3n del pedido, salvo para los productos mencionados en el art\u00edculo L. 221-28 del C\u00f3digo de Consumo franc\u00e9s.<\/p>\n<p>Para ejercer este derecho de desistimiento, el Consumidor deber\u00e1 enviar una declaraci\u00f3n a la siguiente direcci\u00f3n : administration@iidh.org. Se reembolsar\u00e1n al Consumidor todos los gastos abonados por la prestaci\u00f3n de servicios en un plazo de 14 d\u00edas a partir del momento en que la Fundaci\u00f3n tenga conocimiento de su declaraci\u00f3n de desistimiento en .<\/p>\n<p>El reembolso se efectuar\u00e1 utilizando el mismo medio de pago empleado para la compra. No obstante, si el servicio ya ha comenzado en la fecha en que la Fundaci\u00f3n tenga conocimiento del desistimiento, se deducir\u00e1 del reembolso el valor correspondiente al servicio ya prestado.<\/p>\n<p>El reembolso se efectuar\u00e1 por el mismo medio de pago que el utilizado para la compra. Las condiciones de anulaci\u00f3n de cada curso de formaci\u00f3n por iniciativa del cliente se especifican para cada acci\u00f3n directamente en el sitio web de la Fundaci\u00f3n.  <\/li>\n<li><strong>Garant\u00edas legales<\/strong><br \/>\n<strong><br \/>\n<\/strong><br \/>\nLos Servicios prestados a los Consumidores est\u00e1n garantizados de conformidad con las disposiciones legales del C\u00f3digo de Consumo y del C\u00f3digo Civil.<\/li>\n<li><strong>Tratamiento de datos personales<\/strong><br \/>\n<strong><br \/>\n<\/strong>La compra del Cliente puede conllevar el tratamiento de sus datos personales.<\/p>\n<p>Si el Cliente rechaza el tratamiento de sus datos, se le pide que se abstenga de utilizar los servicios de la Fundaci\u00f3n.<br \/>\nEste tratamiento de datos personales se realiza de conformidad con el Reglamento General de Protecci\u00f3n de Datos 2016\/679 de 27 de abril de 2016.<\/p>\n<p>De conformidad con el art\u00edculo 6 del Reglamento (UE) 2016\/679 de 27 de abril de 2016 \u00abrelativo a la protecci\u00f3n de las personas f\u00edsicas en lo que respecta al tratamiento de datos personales\u00bb, el Cliente consiente el tratamiento (recogida, registro, almacenamiento, consulta, uso, comunicaci\u00f3n) de sus datos personales por parte de la Fundaci\u00f3n Ren\u00e9 Cassin para permitir, en particular, la gesti\u00f3n del servicio solicitado y el acceso a las actividades.<\/p>\n<p>Los datos del Cliente se conservar\u00e1n durante el tiempo que sea necesario para la finalidad del tratamiento antes de ser archivados en un plazo intermedio, teniendo en cuenta los plazos legales espec\u00edficos para la gesti\u00f3n del contrato y la facturaci\u00f3n.<\/p>\n<p>El Cliente reconoce que, de conformidad con lo dispuesto en los art\u00edculos 15, 16, 17, 18 y 21 del citado reglamento, dispone de un derecho de acceso a los datos que le conciernen, de un derecho de rectificaci\u00f3n, de un derecho de oposici\u00f3n, de un derecho de limitaci\u00f3n del tratamiento de sus datos y de un derecho de supresi\u00f3n de sus datos.<br \/>\nPara ejercer estos derechos o en caso de cualquier dificultad, ponte en contacto con la Fundaci\u00f3n Ren\u00e9 Cassin, por correo electr\u00f3nico (administration@iidh.org). <\/p>\n<p>Por \u00faltimo, y de conformidad con el art\u00edculo 7 del citado Reglamento, se informa al prestatario de la posibilidad de retirar este consentimiento en cualquier momento, previa comunicaci\u00f3n a la Fundaci\u00f3n Ren\u00e9 Cassin, por correo electr\u00f3nico a la direcci\u00f3n antes mencionada.<\/p>\n<p>Adem\u00e1s, de conformidad con la Ley francesa de Protecci\u00f3n de Datos de 6 de enero de 1978, el Cliente tiene derecho, en cualquier momento, a consultar, acceder, rectificar, modificar y oponerse a todos sus datos personales escribiendo, por correo postal y acreditando su identidad, a la siguiente direcci\u00f3n: administration@iidh.org.<br \/>\nEstos datos personales son necesarios para procesar tu Pedido y mejorar los servicios ofrecidos por la Fundaci\u00f3n.<\/p>\n<\/li>\n<li><strong>Compartir los datos recogidos<\/strong><br \/>\n<strong><br \/>\n<\/strong>La Fundaci\u00f3n puede recurrir a terceras empresas para realizar determinadas operaciones.<br \/>\nEl Cliente acepta que terceras empresas puedan tener acceso a sus datos para poder completar su pedido.<br \/>\nEstas terceras empresas s\u00f3lo tienen acceso a los datos recogidos para llevar a cabo una tarea espec\u00edfica. La Fundaci\u00f3n sigue siendo responsable del tratamiento de estos datos.<br \/>\nAdem\u00e1s, el Cliente puede recibir informaci\u00f3n u ofertas comerciales de , la Fundaci\u00f3n o sus socios.<br \/>\nEl Cliente puede oponerse en cualquier momento a recibir estas ofertas comerciales escribiendo a la direcci\u00f3n de la Fundaci\u00f3n indicada anteriormente.<\/p>\n<p>Adem\u00e1s, la informaci\u00f3n del Cliente puede ser transmitida a terceros sin el consentimiento previo y expreso del Cliente para alcanzar los siguientes objetivos: cumplir la ley proteger a cualquier persona de da\u00f1os corporales graves o incluso de la muerte combatir el fraude o los ataques a la Fundaci\u00f3n o a sus usuarios proteger los derechos de propiedad de la Fundaci\u00f3n.<\/p>\n<\/li>\n<li><strong>Protecci\u00f3n de datos<\/strong><br \/>\n<strong><br \/>\n<\/strong><\/p>\n<p>La Fundaci\u00f3n garantiza un nivel de seguridad adecuado y proporcional a los riesgos incurridos y a su probabilidad, de conformidad con el Reglamento General de Protecci\u00f3n de Datos 2016\/679 de 27 de abril de 2016. No obstante, estas medidas no constituyen en modo alguno una garant\u00eda y no comprometen a la Fundaci\u00f3n a una obligaci\u00f3n de resultado en materia de seguridad de los datos.<\/li>\n<li><strong>Cookies<\/strong><br \/>\n<strong><br \/>\n<\/strong><\/p>\n<p>Para permitir que sus Usuarios se beneficien de una navegaci\u00f3n \u00f3ptima en el Sitio y de un mejor funcionamiento de las distintas interfaces y aplicaciones, la Fundaci\u00f3n puede instalar una cookie en el ordenador del Usuario.<\/p>\n<p>Esta cookie se utiliza para almacenar informaci\u00f3n relativa a la navegaci\u00f3n en el Sitio, as\u00ed como cualquier dato introducido por los Usuarios (en particular, b\u00fasquedas, inicio de sesi\u00f3n, correo electr\u00f3nico, contrase\u00f1a). El Usuario autoriza expresamente a la Fundaci\u00f3n a colocar un archivo \u00abcookie\u00bb ( ) en el disco duro del Usuario. El Usuario tiene la opci\u00f3n de bloquear, modificar el periodo de almacenamiento o eliminar esta cookie a trav\u00e9s de la interfaz de su navegador.<\/p>\n<p>Si la desactivaci\u00f3n sistem\u00e1tica de las cookies en el navegador del Usuario le impide utilizar determinados servicios o funcionalidades del Sitio, este mal funcionamiento no constituir\u00e1 en ning\u00fan caso un perjuicio para el miembro, que no tendr\u00e1 derecho a reclamar ninguna indemnizaci\u00f3n por ello .  <\/li>\n<li><strong>Cambios<\/strong><br \/>\n<strong><br \/>\n<\/strong><\/p>\n<p>La informaci\u00f3n contenida en los cat\u00e1logos, prospectos y listas de precios de la Fundaci\u00f3n se facilita \u00fanicamente a t\u00edtulo informativo y puede ser revisada en cualquier momento. La Fundaci\u00f3n tiene derecho a realizar los cambios que considere necesarios. Al realizar un Pedido, el Cliente est\u00e1 sujeto a las estipulaciones establecidas en las CGC vigentes en el momento de realizar el pedido.<\/li>\n<li><strong>Propiedad intelectual<\/strong><br \/>\n<strong><br \/>\n<\/strong><br \/>\nLa marca, el logotipo y la carta gr\u00e1fica son marcas registradas propiedad exclusiva de la Fundaci\u00f3n.<\/p>\n<p>Cualquier difusi\u00f3n, utilizaci\u00f3n, representaci\u00f3n o reproducci\u00f3n, parcial o total, sin la autorizaci\u00f3n expresa de la citada Fundaci\u00f3n expondr\u00e1 al infractor a acciones civiles y penales. <\/li>\n<li><strong>La<\/strong>ley que rige los TCG es la ley francesa.<br \/>\nCualquier disputa que pueda surgir entre la Fundaci\u00f3n y un Cliente durante la ejecuci\u00f3n de las CGC estar\u00e1 sujeta a un intento de resoluci\u00f3n amistosa.<br \/>\nEn su defecto, los litigios se someter\u00e1n a los tribunales ordinarios competentes.  <\/li>\n<li><strong>Aceptaci\u00f3n del cliente<\/strong><br \/>\n<strong><br \/>\n<\/strong>El Cliente acepta expresamente las CGC.<br \/>\nDeclara conocerlas y renuncia a invocar cualquier otro documento, en particular sus propias condiciones generales de compra. <\/li>\n<\/ol>\n","protected":false},"excerpt":{"rendered":"<p>Sobre nosotros La FUNDACI\u00d3N REN\u00c9 CASSIN &#8211; INSTITUT INTERNATIONAL DES  [&#8230;]<\/p>\n","protected":false},"author":1,"featured_media":0,"parent":0,"menu_order":0,"comment_status":"closed","ping_status":"closed","template":"100-width.php","meta":{"footnotes":""},"class_list":["post-5024","page","type-page","status-publish","hentry"],"yoast_head":"<!-- This site is optimized with the Yoast SEO plugin v27.5 - https:\/\/yoast.com\/product\/yoast-seo-wordpress\/ -->\n<title>Condiciones generales de venta de servicios a los consumidores - Fondation Ren\u00e9 CASSIN<\/title>\n<meta name=\"robots\" content=\"index, follow, max-snippet:-1, max-image-preview:large, max-video-preview:-1\" \/>\n<link rel=\"canonical\" href=\"https:\/\/www.iidh.org\/es\/condiciones-generales-de-venta-de-servicios-a-los-consumidores\/\" \/>\n<meta property=\"og:locale\" content=\"es_ES\" \/>\n<meta property=\"og:type\" content=\"article\" \/>\n<meta property=\"og:title\" content=\"Condiciones generales de venta de servicios a los consumidores - Fondation Ren\u00e9 CASSIN\" \/>\n<meta property=\"og:description\" content=\"Sobre nosotros La FUNDACI\u00d3N REN\u00c9 CASSIN &#8211; INSTITUT INTERNATIONAL DES [...]\" \/>\n<meta property=\"og:url\" content=\"https:\/\/www.iidh.org\/es\/condiciones-generales-de-venta-de-servicios-a-los-consumidores\/\" \/>\n<meta property=\"og:site_name\" content=\"Fondation Ren\u00e9 CASSIN\" \/>\n<meta property=\"article:publisher\" content=\"https:\/\/www.facebook.com\/FondationReneCassin\/\" \/>\n<meta property=\"og:image\" content=\"https:\/\/www.iidh.org\/wp-content\/uploads\/2024\/10\/vignette-iidh.jpg\" \/>\n\t<meta property=\"og:image:width\" content=\"1200\" \/>\n\t<meta property=\"og:image:height\" content=\"675\" \/>\n\t<meta property=\"og:image:type\" content=\"image\/jpeg\" \/>\n<meta name=\"twitter:card\" content=\"summary_large_image\" \/>\n<meta name=\"twitter:site\" content=\"@IIDHStrasbourg\" \/>\n<meta name=\"twitter:label1\" content=\"Tiempo de lectura\" \/>\n\t<meta name=\"twitter:data1\" content=\"9 minutos\" \/>\n<script type=\"application\/ld+json\" class=\"yoast-schema-graph\">{\"@context\":\"https:\\\/\\\/schema.org\",\"@graph\":[{\"@type\":\"WebPage\",\"@id\":\"https:\\\/\\\/www.iidh.org\\\/es\\\/condiciones-generales-de-venta-de-servicios-a-los-consumidores\\\/\",\"url\":\"https:\\\/\\\/www.iidh.org\\\/es\\\/condiciones-generales-de-venta-de-servicios-a-los-consumidores\\\/\",\"name\":\"Condiciones generales de venta de servicios a los consumidores - Fondation Ren\u00e9 CASSIN\",\"isPartOf\":{\"@id\":\"https:\\\/\\\/www.iidh.org\\\/es\\\/#website\"},\"datePublished\":\"2024-10-10T07:52:37+00:00\",\"breadcrumb\":{\"@id\":\"https:\\\/\\\/www.iidh.org\\\/es\\\/condiciones-generales-de-venta-de-servicios-a-los-consumidores\\\/#breadcrumb\"},\"inLanguage\":\"es\",\"potentialAction\":[{\"@type\":\"ReadAction\",\"target\":[\"https:\\\/\\\/www.iidh.org\\\/es\\\/condiciones-generales-de-venta-de-servicios-a-los-consumidores\\\/\"]}]},{\"@type\":\"BreadcrumbList\",\"@id\":\"https:\\\/\\\/www.iidh.org\\\/es\\\/condiciones-generales-de-venta-de-servicios-a-los-consumidores\\\/#breadcrumb\",\"itemListElement\":[{\"@type\":\"ListItem\",\"position\":1,\"name\":\"Accueil\",\"item\":\"https:\\\/\\\/www.iidh.org\\\/es\\\/\"},{\"@type\":\"ListItem\",\"position\":2,\"name\":\"Condiciones generales de venta de servicios a los consumidores\"}]},{\"@type\":\"WebSite\",\"@id\":\"https:\\\/\\\/www.iidh.org\\\/es\\\/#website\",\"url\":\"https:\\\/\\\/www.iidh.org\\\/es\\\/\",\"name\":\"Fondation Ren\u00e9 CASSIN\",\"description\":\"\",\"publisher\":{\"@id\":\"https:\\\/\\\/www.iidh.org\\\/es\\\/#organization\"},\"potentialAction\":[{\"@type\":\"SearchAction\",\"target\":{\"@type\":\"EntryPoint\",\"urlTemplate\":\"https:\\\/\\\/www.iidh.org\\\/es\\\/?s={search_term_string}\"},\"query-input\":{\"@type\":\"PropertyValueSpecification\",\"valueRequired\":true,\"valueName\":\"search_term_string\"}}],\"inLanguage\":\"es\"},{\"@type\":\"Organization\",\"@id\":\"https:\\\/\\\/www.iidh.org\\\/es\\\/#organization\",\"name\":\"Fondation Ren\u00e9 CASSIN\",\"url\":\"https:\\\/\\\/www.iidh.org\\\/es\\\/\",\"logo\":{\"@type\":\"ImageObject\",\"inLanguage\":\"es\",\"@id\":\"https:\\\/\\\/www.iidh.org\\\/es\\\/#\\\/schema\\\/logo\\\/image\\\/\",\"url\":\"https:\\\/\\\/www.iidh.org\\\/wp-content\\\/uploads\\\/2024\\\/09\\\/LOGO_FRC-rouge.svg\",\"contentUrl\":\"https:\\\/\\\/www.iidh.org\\\/wp-content\\\/uploads\\\/2024\\\/09\\\/LOGO_FRC-rouge.svg\",\"width\":699,\"height\":221,\"caption\":\"Fondation Ren\u00e9 CASSIN\"},\"image\":{\"@id\":\"https:\\\/\\\/www.iidh.org\\\/es\\\/#\\\/schema\\\/logo\\\/image\\\/\"},\"sameAs\":[\"https:\\\/\\\/www.facebook.com\\\/FondationReneCassin\\\/\",\"https:\\\/\\\/x.com\\\/IIDHStrasbourg\",\"https:\\\/\\\/www.instagram.com\\\/fondationrenecassin\\\/\"]}]}<\/script>\n<!-- \/ Yoast SEO plugin. -->","yoast_head_json":{"title":"Condiciones generales de venta de servicios a los consumidores - Fondation Ren\u00e9 CASSIN","robots":{"index":"index","follow":"follow","max-snippet":"max-snippet:-1","max-image-preview":"max-image-preview:large","max-video-preview":"max-video-preview:-1"},"canonical":"https:\/\/www.iidh.org\/es\/condiciones-generales-de-venta-de-servicios-a-los-consumidores\/","og_locale":"es_ES","og_type":"article","og_title":"Condiciones generales de venta de servicios a los consumidores - Fondation Ren\u00e9 CASSIN","og_description":"Sobre nosotros La FUNDACI\u00d3N REN\u00c9 CASSIN &#8211; INSTITUT INTERNATIONAL DES [...]","og_url":"https:\/\/www.iidh.org\/es\/condiciones-generales-de-venta-de-servicios-a-los-consumidores\/","og_site_name":"Fondation Ren\u00e9 CASSIN","article_publisher":"https:\/\/www.facebook.com\/FondationReneCassin\/","og_image":[{"width":1200,"height":675,"url":"https:\/\/www.iidh.org\/wp-content\/uploads\/2024\/10\/vignette-iidh.jpg","type":"image\/jpeg"}],"twitter_card":"summary_large_image","twitter_site":"@IIDHStrasbourg","twitter_misc":{"Tiempo de lectura":"9 minutos"},"schema":{"@context":"https:\/\/schema.org","@graph":[{"@type":"WebPage","@id":"https:\/\/www.iidh.org\/es\/condiciones-generales-de-venta-de-servicios-a-los-consumidores\/","url":"https:\/\/www.iidh.org\/es\/condiciones-generales-de-venta-de-servicios-a-los-consumidores\/","name":"Condiciones generales de venta de servicios a los consumidores - Fondation Ren\u00e9 CASSIN","isPartOf":{"@id":"https:\/\/www.iidh.org\/es\/#website"},"datePublished":"2024-10-10T07:52:37+00:00","breadcrumb":{"@id":"https:\/\/www.iidh.org\/es\/condiciones-generales-de-venta-de-servicios-a-los-consumidores\/#breadcrumb"},"inLanguage":"es","potentialAction":[{"@type":"ReadAction","target":["https:\/\/www.iidh.org\/es\/condiciones-generales-de-venta-de-servicios-a-los-consumidores\/"]}]},{"@type":"BreadcrumbList","@id":"https:\/\/www.iidh.org\/es\/condiciones-generales-de-venta-de-servicios-a-los-consumidores\/#breadcrumb","itemListElement":[{"@type":"ListItem","position":1,"name":"Accueil","item":"https:\/\/www.iidh.org\/es\/"},{"@type":"ListItem","position":2,"name":"Condiciones generales de venta de servicios a los consumidores"}]},{"@type":"WebSite","@id":"https:\/\/www.iidh.org\/es\/#website","url":"https:\/\/www.iidh.org\/es\/","name":"Fondation Ren\u00e9 CASSIN","description":"","publisher":{"@id":"https:\/\/www.iidh.org\/es\/#organization"},"potentialAction":[{"@type":"SearchAction","target":{"@type":"EntryPoint","urlTemplate":"https:\/\/www.iidh.org\/es\/?s={search_term_string}"},"query-input":{"@type":"PropertyValueSpecification","valueRequired":true,"valueName":"search_term_string"}}],"inLanguage":"es"},{"@type":"Organization","@id":"https:\/\/www.iidh.org\/es\/#organization","name":"Fondation Ren\u00e9 CASSIN","url":"https:\/\/www.iidh.org\/es\/","logo":{"@type":"ImageObject","inLanguage":"es","@id":"https:\/\/www.iidh.org\/es\/#\/schema\/logo\/image\/","url":"https:\/\/www.iidh.org\/wp-content\/uploads\/2024\/09\/LOGO_FRC-rouge.svg","contentUrl":"https:\/\/www.iidh.org\/wp-content\/uploads\/2024\/09\/LOGO_FRC-rouge.svg","width":699,"height":221,"caption":"Fondation Ren\u00e9 CASSIN"},"image":{"@id":"https:\/\/www.iidh.org\/es\/#\/schema\/logo\/image\/"},"sameAs":["https:\/\/www.facebook.com\/FondationReneCassin\/","https:\/\/x.com\/IIDHStrasbourg","https:\/\/www.instagram.com\/fondationrenecassin\/"]}]}},"_links":{"self":[{"href":"https:\/\/www.iidh.org\/es\/wp-json\/wp\/v2\/pages\/5024","targetHints":{"allow":["GET"]}}],"collection":[{"href":"https:\/\/www.iidh.org\/es\/wp-json\/wp\/v2\/pages"}],"about":[{"href":"https:\/\/www.iidh.org\/es\/wp-json\/wp\/v2\/types\/page"}],"author":[{"embeddable":true,"href":"https:\/\/www.iidh.org\/es\/wp-json\/wp\/v2\/users\/1"}],"replies":[{"embeddable":true,"href":"https:\/\/www.iidh.org\/es\/wp-json\/wp\/v2\/comments?post=5024"}],"version-history":[{"count":0,"href":"https:\/\/www.iidh.org\/es\/wp-json\/wp\/v2\/pages\/5024\/revisions"}],"wp:attachment":[{"href":"https:\/\/www.iidh.org\/es\/wp-json\/wp\/v2\/media?parent=5024"}],"curies":[{"name":"wp","href":"https:\/\/api.w.org\/{rel}","templated":true}]}}